{"id":7976,"date":"2019-02-09T09:11:46","date_gmt":"2019-02-09T09:11:46","guid":{"rendered":"http:\/\/escociatours.com\/?page_id=7976"},"modified":"2023-01-04T21:32:12","modified_gmt":"2023-01-04T21:32:12","slug":"about-us","status":"publish","type":"page","link":"https:\/\/escociatours.com\/en\/about-us\/","title":{"rendered":"About us"},"content":{"rendered":"<div  class=\"one withsmallpadding ppb_header \" style=\"text-align:center;padding:40px 0 40px 0;\" >\n<div class=\"standard_wrapper\">\n<div class=\"page_content_wrapper\">\n<div class=\"inner\">\n<div style=\"margin:auto;width:100%\">\n<h2 class=\"ppb_title\" style=\"\">Personalized tours in Scotland<\/h2>\n<div class=\"page_tagline\" style=\"\">We want your tour to be unique<\/div>\n<\/div>\n<\/div>\n<\/div>\n<\/div>\n<\/div>\n<div  class=\"parallax\" data-jarallax-video=\"https:\/\/youtu.be\/4JnJiWJGO7w\" style=\"height:80vh; margin-bottom:32px;\"><\/div>\n<div  class=\"one\" >\n<div class=\"one_half_bg\" style=\"background-image:url(https:\/\/escociatours.com\/wp-content\/uploads\/2018\/01\/tour-privado-escocia.jpg);height:540px;\"><\/div>\n<div class=\"one_half_bg\" style=\"padding:90px;\">\n<h2 class=\"ppb_title\" style=\"\">Our Story<\/h2>\n<div class=\"page_tagline\" style=\"\">Quality, personalized tours<\/div>\n<div class=\"ppb_header_content\">\n<p>Escocia Tours was made to offer <strong>quality<\/strong>, <strong>personalized tours<\/strong>. Improvisation and personalization are of upmost importance to us.<\/p>\n<p>We want your trip to be memorable and special for everyone. Our philosophy focuses on promoting <strong>personalized<\/strong>, <strong>sustainable<\/strong>, <strong>balanced and respectful tourism<\/strong>. To achieve this personalization, we always work with a maximum number of clients per guide.<\/p>\n<\/div>\n<\/div>\n<p><br class=\"clear\"\/><\/div>\n<div  class=\"one\" >\n<div class=\"one_half_bg textright\" style=\"padding:90px;\">\n<h2 class=\"ppb_title\" style=\"\">Our Values<\/h2>\n<div class=\"page_tagline\" style=\"\">Professional, experiences guides<\/div>\n<div class=\"ppb_header_content\">\n<p style=\"font-weight: 400;\">Our vision is to create unique experiences, personalised trips, with a clear commitment to sustainability, and green tourism.<\/p>\n<p style=\"font-weight: 400;\">We arrange eco-friendly itineraries, encouraging our guests to explore a destination to the maximum, away from mass tourism<\/p>\n<p style=\"font-weight: 400;\">We believe in the positive side that tourism can brings whilst respecting people, wildlife and cultures, promoting responsible economic development through travel. We promote cultural experiences supporting local community, bringing more local and authentic experience<\/p>\n<p style=\"font-weight: 400;\">Our premises are sustainability, authenticity and unique experiences.<\/p>\n<\/div>\n<\/div>\n<div class=\"one_half_bg\" style=\"background-image:url(https:\/\/escociatours.com\/wp-content\/uploads\/2018\/01\/guia-escocia.jpg);height:540px;\"><\/div>\n<p><br class=\"clear\"\/><\/div>\n<div  class=\"one withsmallpadding ppb_header \" style=\"padding-bottom: 0px !important;text-align:center;padding:0px 0 0px 0;margin-top:60px;margin-bottom:20px;\" >\n<div class=\"standard_wrapper\">\n<div class=\"page_content_wrapper\">\n<div class=\"inner\">\n<div style=\"margin:auto;width:100%\">\n<h2 class=\"ppb_title\" style=\"\">Our guides<\/h2>\n<div class=\"page_tagline\" style=\"\">Travel, experiences and places. All in one service.<\/div>\n<\/div>\n<\/div>\n<\/div>\n<\/div>\n<\/div>\n<div  class=\"one withsmallpadding ppb_team_column\" style=\"padding:40px 0px;\" >\n<div class=\"page_content_wrapper page_main_content sidebar_content full_width fixed_column photoframe\">\n<div class=\"standard_wrapper\">\n<div id=\"1672867932526557164\" class=\"portfolio_filter_wrapper gallery three_cols\" data-columns=\"3\">\n<div class=\"element grid photoframe fixed_columns classic3_cols animated1\">\n<div class=\"one_third gallery3 classic filterable\">\n<div class=\"post_img\"><img decoding=\"async\" class=\"team_pic\" src=\"https:\/\/escociatours.com\/wp-content\/uploads\/2020\/05\/MacEachen-profile-500x500.jpg\" alt=\"\"\/><\/div>\n<div class=\"portfolio_info_wrapper center\">\n<h4>John MacEachen<\/h4>\n<div class=\"page_tagline\">My name is John MacEachen. Born in Glasgow. I have travelled extensively in Scotland from a young age. I have always been fascinated by Scotland\u2019s culture, spectacular scenery and rich history; particularly the Jacobites and the phenomenal Castles. A career in the Scottish tourist industry as a private guide, meeting people from all over the world and showing guests the very best Scotland has to offer, is a dream job!<\/div>\n<\/div>\n<\/div>\n<\/div>\n<div class=\"element grid photoframe fixed_columns classic3_cols animated2\">\n<div class=\"one_third gallery3 classic filterable\">\n<div class=\"post_img\"><img decoding=\"async\" class=\"team_pic\" src=\"https:\/\/escociatours.com\/wp-content\/uploads\/2020\/05\/simon-profile-500x500.jpeg\" alt=\"\"\/><\/div>\n<div class=\"portfolio_info_wrapper center\">\n<h4>Sim\u00f3n<\/h4>\n<div class=\"page_tagline\">Simon has had a long career as a professional guide. He is a great communicator and story teller, with charisma and a personal touch. He loves the sea and nature, Celtic heritage and legends and mysteries.<\/div>\n<\/div>\n<\/div>\n<\/div>\n<\/div>\n<\/div>\n<\/div>\n<\/div>\n","protected":false},"excerpt":{"rendered":"<p>Personalized tours in Scotland We want your tour to be unique Our Story Quality, personalized tours Escocia Tours was made to offer quality, personalized tours. Improvisation and personalization are of upmost importance to us. We want your trip to be [&hellip;]<\/p>\n","protected":false},"author":1,"featured_media":12439,"parent":0,"menu_order":0,"comment_status":"closed","ping_status":"closed","template":"","meta":{"_acf_changed":false,"sync_status":"","episode_type":"","audio_file":"","castos_file_data":"","podmotor_file_id":"","cover_image":"","cover_image_id":"","duration":"","filesize":"","filesize_raw":"","date_recorded":"","explicit":"","block":"","itunes_episode_number":"","itunes_title":"","itunes_season_number":"","itunes_episode_type":"","footnotes":""},"class_list":["post-7976","page","type-page","status-publish","has-post-thumbnail","hentry"],"acf":[],"yoast_head":"<!-- This site is optimized with the Yoast SEO plugin v27.4 - https:\/\/yoast.com\/product\/yoast-seo-wordpress\/ -->\n<title>About us - Escocia Tours<\/title>\n<meta name=\"robots\" content=\"index, follow, max-snippet:-1, max-image-preview:large, max-video-preview:-1\" \/>\n<link rel=\"canonical\" href=\"https:\/\/escociatours.com\/en\/about-us\/\" \/>\n<meta property=\"og:locale\" content=\"en_US\" \/>\n<meta property=\"og:type\" content=\"article\" \/>\n<meta property=\"og:title\" content=\"About us - Escocia Tours\" \/>\n<meta property=\"og:description\" content=\"Personalized tours in Scotland We want your tour to be unique Our Story Quality, personalized tours Escocia Tours was made to offer quality, personalized tours. Improvisation and personalization are of upmost importance to us. We want your trip to be [&hellip;]\" \/>\n<meta property=\"og:url\" content=\"https:\/\/escociatours.com\/en\/about-us\/\" \/>\n<meta property=\"og:site_name\" content=\"Escocia Tours\" \/>\n<meta property=\"article:publisher\" content=\"https:\/\/www.facebook.com\/escociatours\" \/>\n<meta property=\"article:modified_time\" content=\"2023-01-04T21:32:12+00:00\" \/>\n<meta property=\"og:image\" content=\"https:\/\/escociatours.com\/wp-content\/uploads\/2022\/12\/vaca-highlands-scaled.jpeg\" \/>\n\t<meta property=\"og:image:width\" content=\"1920\" \/>\n\t<meta property=\"og:image:height\" content=\"2560\" \/>\n\t<meta property=\"og:image:type\" content=\"image\/jpeg\" \/>\n<meta name=\"twitter:card\" content=\"summary_large_image\" \/>\n<meta name=\"twitter:site\" content=\"@Escociatours\" \/>\n<meta name=\"twitter:label1\" content=\"Est. reading time\" \/>\n\t<meta name=\"twitter:data1\" content=\"2 minutes\" \/>\n<script type=\"application\/ld+json\" class=\"yoast-schema-graph\">{\"@context\":\"https:\\\/\\\/schema.org\",\"@graph\":[{\"@type\":\"WebPage\",\"@id\":\"https:\\\/\\\/escociatours.com\\\/en\\\/about-us\\\/\",\"url\":\"https:\\\/\\\/escociatours.com\\\/en\\\/about-us\\\/\",\"name\":\"About us - Escocia Tours\",\"isPartOf\":{\"@id\":\"https:\\\/\\\/escociatours.com\\\/en\\\/#website\"},\"primaryImageOfPage\":{\"@id\":\"https:\\\/\\\/escociatours.com\\\/en\\\/about-us\\\/#primaryimage\"},\"image\":{\"@id\":\"https:\\\/\\\/escociatours.com\\\/en\\\/about-us\\\/#primaryimage\"},\"thumbnailUrl\":\"https:\\\/\\\/escociatours.com\\\/wp-content\\\/uploads\\\/2022\\\/12\\\/vaca-highlands-scaled.jpeg\",\"datePublished\":\"2019-02-09T09:11:46+00:00\",\"dateModified\":\"2023-01-04T21:32:12+00:00\",\"breadcrumb\":{\"@id\":\"https:\\\/\\\/escociatours.com\\\/en\\\/about-us\\\/#breadcrumb\"},\"inLanguage\":\"en-US\",\"potentialAction\":[{\"@type\":\"ReadAction\",\"target\":[\"https:\\\/\\\/escociatours.com\\\/en\\\/about-us\\\/\"]}]},{\"@type\":\"ImageObject\",\"inLanguage\":\"en-US\",\"@id\":\"https:\\\/\\\/escociatours.com\\\/en\\\/about-us\\\/#primaryimage\",\"url\":\"https:\\\/\\\/escociatours.com\\\/wp-content\\\/uploads\\\/2022\\\/12\\\/vaca-highlands-scaled.jpeg\",\"contentUrl\":\"https:\\\/\\\/escociatours.com\\\/wp-content\\\/uploads\\\/2022\\\/12\\\/vaca-highlands-scaled.jpeg\",\"width\":1920,\"height\":2560,\"caption\":\"vaca highlands\"},{\"@type\":\"BreadcrumbList\",\"@id\":\"https:\\\/\\\/escociatours.com\\\/en\\\/about-us\\\/#breadcrumb\",\"itemListElement\":[{\"@type\":\"ListItem\",\"position\":1,\"name\":\"Portada\",\"item\":\"https:\\\/\\\/escociatours.com\\\/en\\\/\"},{\"@type\":\"ListItem\",\"position\":2,\"name\":\"About us\"}]},{\"@type\":\"WebSite\",\"@id\":\"https:\\\/\\\/escociatours.com\\\/en\\\/#website\",\"url\":\"https:\\\/\\\/escociatours.com\\\/en\\\/\",\"name\":\"Escocia Tours\",\"description\":\"Tours personalizados por Escocia en espa\u00f1ol e ingl\u00e9s. Viajes a la carta. Gu\u00eda oficial acreditado en Escocia. Visitas caminando Edimburgo.\",\"publisher\":{\"@id\":\"https:\\\/\\\/escociatours.com\\\/en\\\/#organization\"},\"potentialAction\":[{\"@type\":\"SearchAction\",\"target\":{\"@type\":\"EntryPoint\",\"urlTemplate\":\"https:\\\/\\\/escociatours.com\\\/en\\\/?s={search_term_string}\"},\"query-input\":{\"@type\":\"PropertyValueSpecification\",\"valueRequired\":true,\"valueName\":\"search_term_string\"}}],\"inLanguage\":\"en-US\"},{\"@type\":\"Organization\",\"@id\":\"https:\\\/\\\/escociatours.com\\\/en\\\/#organization\",\"name\":\"Escocia Tours\",\"url\":\"https:\\\/\\\/escociatours.com\\\/en\\\/\",\"logo\":{\"@type\":\"ImageObject\",\"inLanguage\":\"en-US\",\"@id\":\"https:\\\/\\\/escociatours.com\\\/en\\\/#\\\/schema\\\/logo\\\/image\\\/\",\"url\":\"https:\\\/\\\/escociatours.com\\\/wp-content\\\/uploads\\\/2018\\\/01\\\/escocia-tours.png\",\"contentUrl\":\"https:\\\/\\\/escociatours.com\\\/wp-content\\\/uploads\\\/2018\\\/01\\\/escocia-tours.png\",\"width\":254,\"height\":100,\"caption\":\"Escocia Tours\"},\"image\":{\"@id\":\"https:\\\/\\\/escociatours.com\\\/en\\\/#\\\/schema\\\/logo\\\/image\\\/\"},\"sameAs\":[\"https:\\\/\\\/www.facebook.com\\\/escociatours\",\"https:\\\/\\\/x.com\\\/Escociatours\",\"https:\\\/\\\/www.instagram.com\\\/escociatours\\\/\",\"https:\\\/\\\/www.tiktok.com\\\/@escociatours\",\"https:\\\/\\\/www.youtube.com\\\/channel\\\/UC1SRgxgJsEGuaKY1Ih2-Tfg\",\"https:\\\/\\\/open.spotify.com\\\/show\\\/3K9ky5nTbQHeq5i6B3c9XA\"]}]}<\/script>\n<!-- \/ Yoast SEO plugin. -->","yoast_head_json":{"title":"About us - Escocia Tours","robots":{"index":"index","follow":"follow","max-snippet":"max-snippet:-1","max-image-preview":"max-image-preview:large","max-video-preview":"max-video-preview:-1"},"canonical":"https:\/\/escociatours.com\/en\/about-us\/","og_locale":"en_US","og_type":"article","og_title":"About us - Escocia Tours","og_description":"Personalized tours in Scotland We want your tour to be unique Our Story Quality, personalized tours Escocia Tours was made to offer quality, personalized tours. Improvisation and personalization are of upmost importance to us. We want your trip to be [&hellip;]","og_url":"https:\/\/escociatours.com\/en\/about-us\/","og_site_name":"Escocia Tours","article_publisher":"https:\/\/www.facebook.com\/escociatours","article_modified_time":"2023-01-04T21:32:12+00:00","og_image":[{"width":1920,"height":2560,"url":"https:\/\/escociatours.com\/wp-content\/uploads\/2022\/12\/vaca-highlands-scaled.jpeg","type":"image\/jpeg"}],"twitter_card":"summary_large_image","twitter_site":"@Escociatours","twitter_misc":{"Est. reading time":"2 minutes"},"schema":{"@context":"https:\/\/schema.org","@graph":[{"@type":"WebPage","@id":"https:\/\/escociatours.com\/en\/about-us\/","url":"https:\/\/escociatours.com\/en\/about-us\/","name":"About us - Escocia Tours","isPartOf":{"@id":"https:\/\/escociatours.com\/en\/#website"},"primaryImageOfPage":{"@id":"https:\/\/escociatours.com\/en\/about-us\/#primaryimage"},"image":{"@id":"https:\/\/escociatours.com\/en\/about-us\/#primaryimage"},"thumbnailUrl":"https:\/\/escociatours.com\/wp-content\/uploads\/2022\/12\/vaca-highlands-scaled.jpeg","datePublished":"2019-02-09T09:11:46+00:00","dateModified":"2023-01-04T21:32:12+00:00","breadcrumb":{"@id":"https:\/\/escociatours.com\/en\/about-us\/#breadcrumb"},"inLanguage":"en-US","potentialAction":[{"@type":"ReadAction","target":["https:\/\/escociatours.com\/en\/about-us\/"]}]},{"@type":"ImageObject","inLanguage":"en-US","@id":"https:\/\/escociatours.com\/en\/about-us\/#primaryimage","url":"https:\/\/escociatours.com\/wp-content\/uploads\/2022\/12\/vaca-highlands-scaled.jpeg","contentUrl":"https:\/\/escociatours.com\/wp-content\/uploads\/2022\/12\/vaca-highlands-scaled.jpeg","width":1920,"height":2560,"caption":"vaca highlands"},{"@type":"BreadcrumbList","@id":"https:\/\/escociatours.com\/en\/about-us\/#breadcrumb","itemListElement":[{"@type":"ListItem","position":1,"name":"Portada","item":"https:\/\/escociatours.com\/en\/"},{"@type":"ListItem","position":2,"name":"About us"}]},{"@type":"WebSite","@id":"https:\/\/escociatours.com\/en\/#website","url":"https:\/\/escociatours.com\/en\/","name":"Escocia Tours","description":"Tours personalizados por Escocia en espa\u00f1ol e ingl\u00e9s. Viajes a la carta. Gu\u00eda oficial acreditado en Escocia. Visitas caminando Edimburgo.","publisher":{"@id":"https:\/\/escociatours.com\/en\/#organization"},"potentialAction":[{"@type":"SearchAction","target":{"@type":"EntryPoint","urlTemplate":"https:\/\/escociatours.com\/en\/?s={search_term_string}"},"query-input":{"@type":"PropertyValueSpecification","valueRequired":true,"valueName":"search_term_string"}}],"inLanguage":"en-US"},{"@type":"Organization","@id":"https:\/\/escociatours.com\/en\/#organization","name":"Escocia Tours","url":"https:\/\/escociatours.com\/en\/","logo":{"@type":"ImageObject","inLanguage":"en-US","@id":"https:\/\/escociatours.com\/en\/#\/schema\/logo\/image\/","url":"https:\/\/escociatours.com\/wp-content\/uploads\/2018\/01\/escocia-tours.png","contentUrl":"https:\/\/escociatours.com\/wp-content\/uploads\/2018\/01\/escocia-tours.png","width":254,"height":100,"caption":"Escocia Tours"},"image":{"@id":"https:\/\/escociatours.com\/en\/#\/schema\/logo\/image\/"},"sameAs":["https:\/\/www.facebook.com\/escociatours","https:\/\/x.com\/Escociatours","https:\/\/www.instagram.com\/escociatours\/","https:\/\/www.tiktok.com\/@escociatours","https:\/\/www.youtube.com\/channel\/UC1SRgxgJsEGuaKY1Ih2-Tfg","https:\/\/open.spotify.com\/show\/3K9ky5nTbQHeq5i6B3c9XA"]}]}},"_links":{"self":[{"href":"https:\/\/escociatours.com\/en\/wp-json\/wp\/v2\/pages\/7976","targetHints":{"allow":["GET"]}}],"collection":[{"href":"https:\/\/escociatours.com\/en\/wp-json\/wp\/v2\/pages"}],"about":[{"href":"https:\/\/escociatours.com\/en\/wp-json\/wp\/v2\/types\/page"}],"author":[{"embeddable":true,"href":"https:\/\/escociatours.com\/en\/wp-json\/wp\/v2\/users\/1"}],"replies":[{"embeddable":true,"href":"https:\/\/escociatours.com\/en\/wp-json\/wp\/v2\/comments?post=7976"}],"version-history":[{"count":0,"href":"https:\/\/escociatours.com\/en\/wp-json\/wp\/v2\/pages\/7976\/revisions"}],"wp:featuredmedia":[{"embeddable":true,"href":"https:\/\/escociatours.com\/en\/wp-json\/wp\/v2\/media\/12439"}],"wp:attachment":[{"href":"https:\/\/escociatours.com\/en\/wp-json\/wp\/v2\/media?parent=7976"}],"curies":[{"name":"wp","href":"https:\/\/api.w.org\/{rel}","templated":true}]}}