{"id":7984,"date":"2019-02-09T09:15:51","date_gmt":"2019-02-09T09:15:51","guid":{"rendered":"http:\/\/escociatours.com\/?page_id=7984"},"modified":"2022-12-12T15:02:15","modified_gmt":"2022-12-12T15:02:15","slug":"agencies","status":"publish","type":"page","link":"https:\/\/escociatours.com\/en\/agencies\/","title":{"rendered":"Agencies"},"content":{"rendered":"<div  class=\"one withsmallpadding ppb_header_youtube withbg parallax\"  style=\"text-align:left;padding:30px 0 30px 0;\" >\n<div class=\"overlay_background\" style=\"background:#000000;background:rgb(0,0,0,1);background:rgba(0,0,0,1);\"><\/div>\n<div class=\"standard_wrapper\">\n<div class=\"page_content_wrapper\">\n<div class=\"inner\">\n<div style=\"margin:auto;width:100%\">\n<h2 class=\"ppb_title\" style=\"\">We serve Agencies and Cruises<\/h2>\n<\/div>\n<\/div>\n<\/div>\n<\/div>\n<\/div>\n<div  class=\"one\" >\n<div class=\"one_half_bg textright\" style=\"padding:0px;\">\n<h2 class=\"ppb_title\" style=\"\">Why choose us?<\/h2>\n<div class=\"ppb_header_content\">\n<p>We give adjusted tariffs to collaborators.<\/p>\n<p>We are a local agency working with local companies. No one knows Scotland\u2019s secrets better than us.<\/p>\n<p>Our tours go beyond the classic tourist routes.<\/p>\n<\/div>\n<\/div>\n<div class=\"one_half_bg\"><\/div>\n<p><br class=\"clear\"\/><\/div>\n<div  class=\"one\" >\n<div class=\"one_half_bg textright\" style=\"padding:0px;\">\n<h2 class=\"ppb_title\" style=\"\">Specialists in bespoke tours<\/h2>\n<div class=\"ppb_header_content\">\n<p style=\"margin: 0cm; margin-bottom: .0001pt; background: white; vertical-align: baseline;\"><span lang=\"EN-US\" style=\"font-size: 11.5pt; font-family: 'Arial',sans-serif; color: #222222;\">We carry out luxury exclusive tours, with groups of all sizes, school groups, religious groups, honeymooners, family tours or groups of friends. We adapt our itinerary to our clients\u2019 budget and the group size.<\/span><\/p>\n<p style=\"margin: 0cm; margin-bottom: .0001pt; background: white; vertical-align: baseline;\"><span lang=\"EN-US\" style=\"font-size: 11.5pt; font-family: 'Arial',sans-serif; color: #222222;\">We have experience working with clients with disabilities and the elderly.<\/span><\/p>\n<p style=\"margin: 0cm; margin-bottom: .0001pt; background: white; vertical-align: baseline;\"><span lang=\"EN-US\" style=\"font-size: 11.5pt; font-family: 'Arial',sans-serif; color: #222222;\">We offer themed tours, e.g. whisky, golf, nature, gastronomy.<\/span><\/p>\n<\/div>\n<\/div>\n<div class=\"one_half_bg\"><\/div>\n<p><br class=\"clear\"\/><\/div>\n<div  class=\"one\" >\n<div class=\"one_half_bg textright\" style=\"padding:0px;\">\n<h2 class=\"ppb_title\" style=\"\">All-inclusive trips<\/h2>\n<div class=\"ppb_header_content\">\n<ul>\n<li>Accommodation in different categories of hotels and B&#038;Bs<\/li>\n<li>Meals during the tour<\/li>\n<li>Airport transfers<\/li>\n<li>Chofer services<\/li>\n<li>Groups arriving from cruise ships in Glasgow or Edinburgh<\/li>\n<\/ul>\n<\/div>\n<\/div>\n<div class=\"one_half_bg\"><\/div>\n<p><br class=\"clear\"\/><\/div>\n","protected":false},"excerpt":{"rendered":"<p>We serve Agencies and Cruises Why choose us? We give adjusted tariffs to collaborators. We are a local agency working with local companies. No one knows Scotland\u2019s secrets better than us. Our tours go beyond the classic tourist routes. Specialists [&hellip;]<\/p>\n","protected":false},"author":1,"featured_media":0,"parent":0,"menu_order":0,"comment_status":"closed","ping_status":"closed","template":"","meta":{"_acf_changed":false,"sync_status":"","episode_type":"","audio_file":"","castos_file_data":"","podmotor_file_id":"","cover_image":"","cover_image_id":"","duration":"","filesize":"","filesize_raw":"","date_recorded":"","explicit":"","block":"","itunes_episode_number":"","itunes_title":"","itunes_season_number":"","itunes_episode_type":"","footnotes":""},"class_list":["post-7984","page","type-page","status-publish","hentry"],"acf":[],"yoast_head":"<!-- This site is optimized with the Yoast SEO plugin v27.4 - https:\/\/yoast.com\/product\/yoast-seo-wordpress\/ -->\n<title>Agencies - Escocia Tours<\/title>\n<meta name=\"robots\" content=\"index, follow, max-snippet:-1, max-image-preview:large, max-video-preview:-1\" \/>\n<link rel=\"canonical\" href=\"https:\/\/escociatours.com\/en\/agencies\/\" \/>\n<meta property=\"og:locale\" content=\"en_US\" \/>\n<meta property=\"og:type\" content=\"article\" \/>\n<meta property=\"og:title\" content=\"Agencies - Escocia Tours\" \/>\n<meta property=\"og:description\" content=\"We serve Agencies and Cruises Why choose us? We give adjusted tariffs to collaborators. We are a local agency working with local companies. No one knows Scotland\u2019s secrets better than us. Our tours go beyond the classic tourist routes. Specialists [&hellip;]\" \/>\n<meta property=\"og:url\" content=\"https:\/\/escociatours.com\/en\/agencies\/\" \/>\n<meta property=\"og:site_name\" content=\"Escocia Tours\" \/>\n<meta property=\"article:publisher\" content=\"https:\/\/www.facebook.com\/escociatours\" \/>\n<meta property=\"article:modified_time\" content=\"2022-12-12T15:02:15+00:00\" \/>\n<meta name=\"twitter:card\" content=\"summary_large_image\" \/>\n<meta name=\"twitter:site\" content=\"@Escociatours\" \/>\n<meta name=\"twitter:label1\" content=\"Est. reading time\" \/>\n\t<meta name=\"twitter:data1\" content=\"1 minute\" \/>\n<script type=\"application\/ld+json\" class=\"yoast-schema-graph\">{\"@context\":\"https:\\\/\\\/schema.org\",\"@graph\":[{\"@type\":\"WebPage\",\"@id\":\"https:\\\/\\\/escociatours.com\\\/en\\\/agencies\\\/\",\"url\":\"https:\\\/\\\/escociatours.com\\\/en\\\/agencies\\\/\",\"name\":\"Agencies - Escocia Tours\",\"isPartOf\":{\"@id\":\"https:\\\/\\\/escociatours.com\\\/en\\\/#website\"},\"datePublished\":\"2019-02-09T09:15:51+00:00\",\"dateModified\":\"2022-12-12T15:02:15+00:00\",\"breadcrumb\":{\"@id\":\"https:\\\/\\\/escociatours.com\\\/en\\\/agencies\\\/#breadcrumb\"},\"inLanguage\":\"en-US\",\"potentialAction\":[{\"@type\":\"ReadAction\",\"target\":[\"https:\\\/\\\/escociatours.com\\\/en\\\/agencies\\\/\"]}]},{\"@type\":\"BreadcrumbList\",\"@id\":\"https:\\\/\\\/escociatours.com\\\/en\\\/agencies\\\/#breadcrumb\",\"itemListElement\":[{\"@type\":\"ListItem\",\"position\":1,\"name\":\"Portada\",\"item\":\"https:\\\/\\\/escociatours.com\\\/en\\\/\"},{\"@type\":\"ListItem\",\"position\":2,\"name\":\"Agencies\"}]},{\"@type\":\"WebSite\",\"@id\":\"https:\\\/\\\/escociatours.com\\\/en\\\/#website\",\"url\":\"https:\\\/\\\/escociatours.com\\\/en\\\/\",\"name\":\"Escocia Tours\",\"description\":\"Tours personalizados por Escocia en espa\u00f1ol e ingl\u00e9s. Viajes a la carta. Gu\u00eda oficial acreditado en Escocia. Visitas caminando Edimburgo.\",\"publisher\":{\"@id\":\"https:\\\/\\\/escociatours.com\\\/en\\\/#organization\"},\"potentialAction\":[{\"@type\":\"SearchAction\",\"target\":{\"@type\":\"EntryPoint\",\"urlTemplate\":\"https:\\\/\\\/escociatours.com\\\/en\\\/?s={search_term_string}\"},\"query-input\":{\"@type\":\"PropertyValueSpecification\",\"valueRequired\":true,\"valueName\":\"search_term_string\"}}],\"inLanguage\":\"en-US\"},{\"@type\":\"Organization\",\"@id\":\"https:\\\/\\\/escociatours.com\\\/en\\\/#organization\",\"name\":\"Escocia Tours\",\"url\":\"https:\\\/\\\/escociatours.com\\\/en\\\/\",\"logo\":{\"@type\":\"ImageObject\",\"inLanguage\":\"en-US\",\"@id\":\"https:\\\/\\\/escociatours.com\\\/en\\\/#\\\/schema\\\/logo\\\/image\\\/\",\"url\":\"https:\\\/\\\/escociatours.com\\\/wp-content\\\/uploads\\\/2018\\\/01\\\/escocia-tours.png\",\"contentUrl\":\"https:\\\/\\\/escociatours.com\\\/wp-content\\\/uploads\\\/2018\\\/01\\\/escocia-tours.png\",\"width\":254,\"height\":100,\"caption\":\"Escocia Tours\"},\"image\":{\"@id\":\"https:\\\/\\\/escociatours.com\\\/en\\\/#\\\/schema\\\/logo\\\/image\\\/\"},\"sameAs\":[\"https:\\\/\\\/www.facebook.com\\\/escociatours\",\"https:\\\/\\\/x.com\\\/Escociatours\",\"https:\\\/\\\/www.instagram.com\\\/escociatours\\\/\",\"https:\\\/\\\/www.tiktok.com\\\/@escociatours\",\"https:\\\/\\\/www.youtube.com\\\/channel\\\/UC1SRgxgJsEGuaKY1Ih2-Tfg\",\"https:\\\/\\\/open.spotify.com\\\/show\\\/3K9ky5nTbQHeq5i6B3c9XA\"]}]}<\/script>\n<!-- \/ Yoast SEO plugin. -->","yoast_head_json":{"title":"Agencies - Escocia Tours","robots":{"index":"index","follow":"follow","max-snippet":"max-snippet:-1","max-image-preview":"max-image-preview:large","max-video-preview":"max-video-preview:-1"},"canonical":"https:\/\/escociatours.com\/en\/agencies\/","og_locale":"en_US","og_type":"article","og_title":"Agencies - Escocia Tours","og_description":"We serve Agencies and Cruises Why choose us? We give adjusted tariffs to collaborators. We are a local agency working with local companies. No one knows Scotland\u2019s secrets better than us. Our tours go beyond the classic tourist routes. Specialists [&hellip;]","og_url":"https:\/\/escociatours.com\/en\/agencies\/","og_site_name":"Escocia Tours","article_publisher":"https:\/\/www.facebook.com\/escociatours","article_modified_time":"2022-12-12T15:02:15+00:00","twitter_card":"summary_large_image","twitter_site":"@Escociatours","twitter_misc":{"Est. reading time":"1 minute"},"schema":{"@context":"https:\/\/schema.org","@graph":[{"@type":"WebPage","@id":"https:\/\/escociatours.com\/en\/agencies\/","url":"https:\/\/escociatours.com\/en\/agencies\/","name":"Agencies - Escocia Tours","isPartOf":{"@id":"https:\/\/escociatours.com\/en\/#website"},"datePublished":"2019-02-09T09:15:51+00:00","dateModified":"2022-12-12T15:02:15+00:00","breadcrumb":{"@id":"https:\/\/escociatours.com\/en\/agencies\/#breadcrumb"},"inLanguage":"en-US","potentialAction":[{"@type":"ReadAction","target":["https:\/\/escociatours.com\/en\/agencies\/"]}]},{"@type":"BreadcrumbList","@id":"https:\/\/escociatours.com\/en\/agencies\/#breadcrumb","itemListElement":[{"@type":"ListItem","position":1,"name":"Portada","item":"https:\/\/escociatours.com\/en\/"},{"@type":"ListItem","position":2,"name":"Agencies"}]},{"@type":"WebSite","@id":"https:\/\/escociatours.com\/en\/#website","url":"https:\/\/escociatours.com\/en\/","name":"Escocia Tours","description":"Tours personalizados por Escocia en espa\u00f1ol e ingl\u00e9s. Viajes a la carta. Gu\u00eda oficial acreditado en Escocia. Visitas caminando Edimburgo.","publisher":{"@id":"https:\/\/escociatours.com\/en\/#organization"},"potentialAction":[{"@type":"SearchAction","target":{"@type":"EntryPoint","urlTemplate":"https:\/\/escociatours.com\/en\/?s={search_term_string}"},"query-input":{"@type":"PropertyValueSpecification","valueRequired":true,"valueName":"search_term_string"}}],"inLanguage":"en-US"},{"@type":"Organization","@id":"https:\/\/escociatours.com\/en\/#organization","name":"Escocia Tours","url":"https:\/\/escociatours.com\/en\/","logo":{"@type":"ImageObject","inLanguage":"en-US","@id":"https:\/\/escociatours.com\/en\/#\/schema\/logo\/image\/","url":"https:\/\/escociatours.com\/wp-content\/uploads\/2018\/01\/escocia-tours.png","contentUrl":"https:\/\/escociatours.com\/wp-content\/uploads\/2018\/01\/escocia-tours.png","width":254,"height":100,"caption":"Escocia Tours"},"image":{"@id":"https:\/\/escociatours.com\/en\/#\/schema\/logo\/image\/"},"sameAs":["https:\/\/www.facebook.com\/escociatours","https:\/\/x.com\/Escociatours","https:\/\/www.instagram.com\/escociatours\/","https:\/\/www.tiktok.com\/@escociatours","https:\/\/www.youtube.com\/channel\/UC1SRgxgJsEGuaKY1Ih2-Tfg","https:\/\/open.spotify.com\/show\/3K9ky5nTbQHeq5i6B3c9XA"]}]}},"_links":{"self":[{"href":"https:\/\/escociatours.com\/en\/wp-json\/wp\/v2\/pages\/7984","targetHints":{"allow":["GET"]}}],"collection":[{"href":"https:\/\/escociatours.com\/en\/wp-json\/wp\/v2\/pages"}],"about":[{"href":"https:\/\/escociatours.com\/en\/wp-json\/wp\/v2\/types\/page"}],"author":[{"embeddable":true,"href":"https:\/\/escociatours.com\/en\/wp-json\/wp\/v2\/users\/1"}],"replies":[{"embeddable":true,"href":"https:\/\/escociatours.com\/en\/wp-json\/wp\/v2\/comments?post=7984"}],"version-history":[{"count":0,"href":"https:\/\/escociatours.com\/en\/wp-json\/wp\/v2\/pages\/7984\/revisions"}],"wp:attachment":[{"href":"https:\/\/escociatours.com\/en\/wp-json\/wp\/v2\/media?parent=7984"}],"curies":[{"name":"wp","href":"https:\/\/api.w.org\/{rel}","templated":true}]}}