{"id":7994,"date":"2019-02-09T09:21:47","date_gmt":"2019-02-09T09:21:47","guid":{"rendered":"http:\/\/escociatours.com\/?page_id=7994"},"modified":"2022-11-04T23:41:01","modified_gmt":"2022-11-04T23:41:01","slug":"contact","status":"publish","type":"page","link":"https:\/\/escociatours.com\/en\/contact\/","title":{"rendered":"Contact"},"content":{"rendered":"<div  class=\"one withsmallpadding ppb_text\" style=\"text-align:left;padding:30px 0 30px 0;\" >\n<div class=\"standard_wrapper\">\n<div class=\"page_content_wrapper\">\n<div class=\"inner\">\n<div style=\"margin:auto;width:100%\">\n<h4>If you have a doubt or question, fill out the form and contact us without obligation. We will be happy to assist you.<\/h4>\n<div style=\"margin-top: 30px;\">\n<div class=\"social_wrapper shortcode dark \">\n<ul>\n<li class=\"facebook\"><a target=\"_blank\" title=\"Facebook\" href=\"https:\/\/www.facebook.com\/escociatours\" rel=\"noopener\"><i class=\"fa fa-facebook\"><\/i><\/a><\/li>\n<li class=\"twitter\"><a target=\"_blank\" title=\"Twitter\" href=\"https:\/\/twitter.com\/Escociatours\" rel=\"noopener\"><i class=\"fa fa-twitter\"><\/i><\/a><\/li>\n<li class=\"youtube\"><a target=\"_blank\" title=\"Youtube\" href=\"https:\/\/www.youtube.com\/channel\/UC1SRgxgJsEGuaKY1Ih2-Tfg\" rel=\"noopener\"><i class=\"fa fa-youtube\"><\/i><\/a><\/li>\n<li class=\"instagram\"><a target=\"_blank\" title=\"Instagram\" href=\"https:\/\/instagram.com\/escociatours\" rel=\"noopener\"><i class=\"fa fa-instagram\"><\/i><\/a><\/li>\n<li class=\"tripadvisor\"><a target=\"_blank\" title=\"Tripadvisor\" href=\"https:\/\/www.tripadvisor.es\/Attraction_Review-g186525-d6413146-Reviews-Escocia_Tours-Edinburgh_Scotland.html\" rel=\"noopener\"><i class=\"fa fa-tripadvisor\"><\/i><\/a><\/li>\n<\/ul>\n<\/div>\n<\/div>\n<\/div>\n<\/div>\n<\/div>\n<\/div>\n<\/div>\n<div  class=\"one withsmallpadding ppb_text\" style=\"text-align:left;padding:30px 0 30px 0;\" >\n<div class=\"standard_wrapper\">\n<div class=\"page_content_wrapper\">\n<div class=\"inner\">\n<div style=\"margin:auto;width:100%\">\n<div role=\"form\" class=\"wpcf7\" id=\"wpcf7-f8029-o2\" lang=\"es-ES\" dir=\"ltr\">\n<div class=\"screen-reader-response\">\n<p role=\"status\" aria-live=\"polite\" aria-atomic=\"true\">\n<ul><\/ul>\n<\/div>\n<form action=\"\/wp-admin\/post.php#wpcf7-f8029-o2\" method=\"post\" class=\"wpcf7-form init\" novalidate=\"novalidate\" data-status=\"init\">\n<div style=\"display: none;\">\n<input type=\"hidden\" name=\"_wpcf7\" value=\"8029\" \/><br \/>\n<input type=\"hidden\" name=\"_wpcf7_version\" value=\"5.6.4\" \/><br \/>\n<input type=\"hidden\" name=\"_wpcf7_locale\" value=\"es_ES\" \/><br \/>\n<input type=\"hidden\" name=\"_wpcf7_unit_tag\" value=\"wpcf7-f8029-o2\" \/><br \/>\n<input type=\"hidden\" name=\"_wpcf7_container_post\" value=\"0\" \/><br \/>\n<input type=\"hidden\" name=\"_wpcf7_posted_data_hash\" value=\"\" \/><br \/>\n<input type=\"hidden\" name=\"_wpcf7_recaptcha_response\" value=\"\" \/>\n<\/div>\n<p><label> First name (required)<br \/>\n    <span class=\"wpcf7-form-control-wrap\" data-name=\"your-name\"><input type=\"text\" name=\"your-name\" value=\"\" size=\"40\" class=\"wpcf7-form-control wpcf7-text wpcf7-validates-as-required\" aria-required=\"true\" aria-invalid=\"false\" \/><\/span> <\/label><\/p>\n<p><label> Last name (required)<br \/>\n    <span class=\"wpcf7-form-control-wrap\" data-name=\"apellido\"><input type=\"text\" name=\"apellido\" value=\"\" size=\"40\" class=\"wpcf7-form-control wpcf7-text wpcf7-validates-as-required\" aria-required=\"true\" aria-invalid=\"false\" \/><\/span> <\/label><\/p>\n<p><label> Email (required)<br \/>\n    <span class=\"wpcf7-form-control-wrap\" data-name=\"your-email\"><input type=\"email\" name=\"your-email\" value=\"\" size=\"40\" class=\"wpcf7-form-control wpcf7-text wpcf7-email wpcf7-validates-as-required wpcf7-validates-as-email\" aria-required=\"true\" aria-invalid=\"false\" placeholder=\"email@tuemail.com\" \/><\/span> <\/label><\/p>\n<p><label> Enquiry (required)<br \/>\n<span class=\"wpcf7-form-control-wrap\" data-name=\"mensaje\"><textarea name=\"mensaje\" cols=\"40\" rows=\"10\" class=\"wpcf7-form-control wpcf7-textarea wpcf7-validates-as-required\" aria-required=\"true\" aria-invalid=\"false\" placeholder=\"Message...\"><\/textarea><\/span> <\/label><\/p>\n<p><label> Security question (required)<br \/>\n<span class=\"wpcf7-form-control-wrap\" data-name=\"quiz-664\"><label><span class=\"wpcf7-quiz-label\">1+1=?<\/span> <input type=\"text\" name=\"quiz-664\" size=\"40\" class=\"wpcf7-form-control wpcf7-quiz\" autocomplete=\"off\" aria-required=\"true\" aria-invalid=\"false\" \/><\/label><input type=\"hidden\" name=\"_wpcf7_quiz_answer_quiz-664\" value=\"6df65ec5ae1cd665a66213eac74905e9\" \/><\/span><\/label><\/p>\n<p><span id=\"wpcf7-6365a30d29dbf-wrapper\" class=\"wpcf7-form-control-wrap email-238-wrap\" style=\"display:none !important; visibility:hidden !important;\"><label for=\"wpcf7-6365a30d29dbf-field\" class=\"hp-message\">Por favor, deja este campo vac\u00edo.<\/label><input id=\"wpcf7-6365a30d29dbf-field\"  class=\"wpcf7-form-control wpcf7-text\" type=\"text\" name=\"email-238\" value=\"\" size=\"40\" tabindex=\"-1\" autocomplete=\"new-password\" \/><\/span><\/p>\n<p><span class=\"wpcf7-form-control-wrap hiddensource\"><input type=\"hidden\" name=\"hiddensource\" value=\"Web\" size=\"40\" class=\"wpcf7-form-control wpcf7dtx-dynamictext wpcf7-dynamichidden\" aria-invalid=\"false\" \/><\/span><span class=\"wpcf7-form-control-wrap hiddenstatus\"><input type=\"hidden\" name=\"hiddenstatus\" value=\"Not Contacted\" size=\"40\" class=\"wpcf7-form-control wpcf7dtx-dynamictext wpcf7-dynamichidden\" aria-invalid=\"false\" \/><\/span><span class=\"wpcf7-form-control-wrap zc_gad\"><input type=\"hidden\" name=\"zc_gad\" value=\"\" size=\"40\" class=\"wpcf7-form-control wpcf7dtx-dynamictext wpcf7-dynamichidden\" id=\"zc_gad\" aria-invalid=\"false\" \/><\/span><\/p>\n<p><input type=\"submit\" value=\"Request Information\" class=\"wpcf7-form-control has-spinner wpcf7-submit\" \/><\/p>\n<div class=\"wpcf7-response-output\" aria-hidden=\"true\"><\/div>\n<\/form>\n<\/div>\n<\/div>\n<\/div>\n<\/div>\n<\/div>\n<\/div>\n","protected":false},"excerpt":{"rendered":"<p>If you have a doubt or question, fill out the form and contact us without obligation. We will be happy to assist you. First name (required) Last name (required) Email (required) Enquiry (required) Security question (required) 1+1=? Por favor, deja [&hellip;]<\/p>\n","protected":false},"author":1,"featured_media":11330,"parent":0,"menu_order":0,"comment_status":"closed","ping_status":"closed","template":"","meta":{"_acf_changed":false,"sync_status":"","episode_type":"","audio_file":"","castos_file_data":"","podmotor_file_id":"","cover_image":"","cover_image_id":"","duration":"","filesize":"","filesize_raw":"","date_recorded":"","explicit":"","block":"","itunes_episode_number":"","itunes_title":"","itunes_season_number":"","itunes_episode_type":"","footnotes":""},"class_list":["post-7994","page","type-page","status-publish","has-post-thumbnail","hentry"],"acf":[],"yoast_head":"<!-- This site is optimized with the Yoast SEO plugin v27.3 - https:\/\/yoast.com\/product\/yoast-seo-wordpress\/ -->\n<title>Contact - Escocia Tours<\/title>\n<meta name=\"description\" content=\"Contact me here for general enquiries or reservations.\" \/>\n<meta name=\"robots\" content=\"index, follow, max-snippet:-1, max-image-preview:large, max-video-preview:-1\" \/>\n<link rel=\"canonical\" href=\"https:\/\/escociatours.com\/en\/contact\/\" \/>\n<meta property=\"og:locale\" content=\"en_US\" \/>\n<meta property=\"og:type\" content=\"article\" \/>\n<meta property=\"og:title\" content=\"Contact - Escocia Tours\" \/>\n<meta property=\"og:description\" content=\"Contact me here for general enquiries or reservations.\" \/>\n<meta property=\"og:url\" content=\"https:\/\/escociatours.com\/en\/contact\/\" \/>\n<meta property=\"og:site_name\" content=\"Escocia Tours\" \/>\n<meta property=\"article:publisher\" content=\"https:\/\/www.facebook.com\/escociatours\" \/>\n<meta property=\"article:modified_time\" content=\"2022-11-04T23:41:01+00:00\" \/>\n<meta property=\"og:image\" content=\"https:\/\/escociatours.com\/wp-content\/uploads\/2018\/01\/escocia-tours-contacto.jpg\" \/>\n\t<meta property=\"og:image:width\" content=\"1920\" \/>\n\t<meta property=\"og:image:height\" content=\"1080\" \/>\n\t<meta property=\"og:image:type\" content=\"image\/jpeg\" \/>\n<meta name=\"twitter:card\" content=\"summary_large_image\" \/>\n<meta name=\"twitter:site\" content=\"@Escociatours\" \/>\n<meta name=\"twitter:label1\" content=\"Est. reading time\" \/>\n\t<meta name=\"twitter:data1\" content=\"1 minute\" \/>\n<script type=\"application\/ld+json\" class=\"yoast-schema-graph\">{\"@context\":\"https:\\\/\\\/schema.org\",\"@graph\":[{\"@type\":\"WebPage\",\"@id\":\"https:\\\/\\\/escociatours.com\\\/en\\\/contact\\\/\",\"url\":\"https:\\\/\\\/escociatours.com\\\/en\\\/contact\\\/\",\"name\":\"Contact - Escocia Tours\",\"isPartOf\":{\"@id\":\"https:\\\/\\\/escociatours.com\\\/en\\\/#website\"},\"primaryImageOfPage\":{\"@id\":\"https:\\\/\\\/escociatours.com\\\/en\\\/contact\\\/#primaryimage\"},\"image\":{\"@id\":\"https:\\\/\\\/escociatours.com\\\/en\\\/contact\\\/#primaryimage\"},\"thumbnailUrl\":\"https:\\\/\\\/escociatours.com\\\/wp-content\\\/uploads\\\/2018\\\/01\\\/escocia-tours-contacto.jpg\",\"datePublished\":\"2019-02-09T09:21:47+00:00\",\"dateModified\":\"2022-11-04T23:41:01+00:00\",\"description\":\"Contact me here for general enquiries or reservations.\",\"breadcrumb\":{\"@id\":\"https:\\\/\\\/escociatours.com\\\/en\\\/contact\\\/#breadcrumb\"},\"inLanguage\":\"en-US\",\"potentialAction\":[{\"@type\":\"ReadAction\",\"target\":[\"https:\\\/\\\/escociatours.com\\\/en\\\/contact\\\/\"]}]},{\"@type\":\"ImageObject\",\"inLanguage\":\"en-US\",\"@id\":\"https:\\\/\\\/escociatours.com\\\/en\\\/contact\\\/#primaryimage\",\"url\":\"https:\\\/\\\/escociatours.com\\\/wp-content\\\/uploads\\\/2018\\\/01\\\/escocia-tours-contacto.jpg\",\"contentUrl\":\"https:\\\/\\\/escociatours.com\\\/wp-content\\\/uploads\\\/2018\\\/01\\\/escocia-tours-contacto.jpg\",\"width\":1920,\"height\":1080},{\"@type\":\"BreadcrumbList\",\"@id\":\"https:\\\/\\\/escociatours.com\\\/en\\\/contact\\\/#breadcrumb\",\"itemListElement\":[{\"@type\":\"ListItem\",\"position\":1,\"name\":\"Portada\",\"item\":\"https:\\\/\\\/escociatours.com\\\/en\\\/\"},{\"@type\":\"ListItem\",\"position\":2,\"name\":\"Contact\"}]},{\"@type\":\"WebSite\",\"@id\":\"https:\\\/\\\/escociatours.com\\\/en\\\/#website\",\"url\":\"https:\\\/\\\/escociatours.com\\\/en\\\/\",\"name\":\"Escocia Tours\",\"description\":\"Tours personalizados por Escocia en espa\u00f1ol e ingl\u00e9s. Viajes a la carta. Gu\u00eda oficial acreditado en Escocia. Visitas caminando Edimburgo.\",\"publisher\":{\"@id\":\"https:\\\/\\\/escociatours.com\\\/en\\\/#organization\"},\"potentialAction\":[{\"@type\":\"SearchAction\",\"target\":{\"@type\":\"EntryPoint\",\"urlTemplate\":\"https:\\\/\\\/escociatours.com\\\/en\\\/?s={search_term_string}\"},\"query-input\":{\"@type\":\"PropertyValueSpecification\",\"valueRequired\":true,\"valueName\":\"search_term_string\"}}],\"inLanguage\":\"en-US\"},{\"@type\":\"Organization\",\"@id\":\"https:\\\/\\\/escociatours.com\\\/en\\\/#organization\",\"name\":\"Escocia Tours\",\"url\":\"https:\\\/\\\/escociatours.com\\\/en\\\/\",\"logo\":{\"@type\":\"ImageObject\",\"inLanguage\":\"en-US\",\"@id\":\"https:\\\/\\\/escociatours.com\\\/en\\\/#\\\/schema\\\/logo\\\/image\\\/\",\"url\":\"https:\\\/\\\/escociatours.com\\\/wp-content\\\/uploads\\\/2018\\\/01\\\/escocia-tours.png\",\"contentUrl\":\"https:\\\/\\\/escociatours.com\\\/wp-content\\\/uploads\\\/2018\\\/01\\\/escocia-tours.png\",\"width\":254,\"height\":100,\"caption\":\"Escocia Tours\"},\"image\":{\"@id\":\"https:\\\/\\\/escociatours.com\\\/en\\\/#\\\/schema\\\/logo\\\/image\\\/\"},\"sameAs\":[\"https:\\\/\\\/www.facebook.com\\\/escociatours\",\"https:\\\/\\\/x.com\\\/Escociatours\",\"https:\\\/\\\/www.instagram.com\\\/escociatours\\\/\",\"https:\\\/\\\/www.tiktok.com\\\/@escociatours\",\"https:\\\/\\\/www.youtube.com\\\/channel\\\/UC1SRgxgJsEGuaKY1Ih2-Tfg\",\"https:\\\/\\\/open.spotify.com\\\/show\\\/3K9ky5nTbQHeq5i6B3c9XA\"]}]}<\/script>\n<!-- \/ Yoast SEO plugin. -->","yoast_head_json":{"title":"Contact - Escocia Tours","description":"Contact me here for general enquiries or reservations.","robots":{"index":"index","follow":"follow","max-snippet":"max-snippet:-1","max-image-preview":"max-image-preview:large","max-video-preview":"max-video-preview:-1"},"canonical":"https:\/\/escociatours.com\/en\/contact\/","og_locale":"en_US","og_type":"article","og_title":"Contact - Escocia Tours","og_description":"Contact me here for general enquiries or reservations.","og_url":"https:\/\/escociatours.com\/en\/contact\/","og_site_name":"Escocia Tours","article_publisher":"https:\/\/www.facebook.com\/escociatours","article_modified_time":"2022-11-04T23:41:01+00:00","og_image":[{"width":1920,"height":1080,"url":"https:\/\/escociatours.com\/wp-content\/uploads\/2018\/01\/escocia-tours-contacto.jpg","type":"image\/jpeg"}],"twitter_card":"summary_large_image","twitter_site":"@Escociatours","twitter_misc":{"Est. reading time":"1 minute"},"schema":{"@context":"https:\/\/schema.org","@graph":[{"@type":"WebPage","@id":"https:\/\/escociatours.com\/en\/contact\/","url":"https:\/\/escociatours.com\/en\/contact\/","name":"Contact - Escocia Tours","isPartOf":{"@id":"https:\/\/escociatours.com\/en\/#website"},"primaryImageOfPage":{"@id":"https:\/\/escociatours.com\/en\/contact\/#primaryimage"},"image":{"@id":"https:\/\/escociatours.com\/en\/contact\/#primaryimage"},"thumbnailUrl":"https:\/\/escociatours.com\/wp-content\/uploads\/2018\/01\/escocia-tours-contacto.jpg","datePublished":"2019-02-09T09:21:47+00:00","dateModified":"2022-11-04T23:41:01+00:00","description":"Contact me here for general enquiries or reservations.","breadcrumb":{"@id":"https:\/\/escociatours.com\/en\/contact\/#breadcrumb"},"inLanguage":"en-US","potentialAction":[{"@type":"ReadAction","target":["https:\/\/escociatours.com\/en\/contact\/"]}]},{"@type":"ImageObject","inLanguage":"en-US","@id":"https:\/\/escociatours.com\/en\/contact\/#primaryimage","url":"https:\/\/escociatours.com\/wp-content\/uploads\/2018\/01\/escocia-tours-contacto.jpg","contentUrl":"https:\/\/escociatours.com\/wp-content\/uploads\/2018\/01\/escocia-tours-contacto.jpg","width":1920,"height":1080},{"@type":"BreadcrumbList","@id":"https:\/\/escociatours.com\/en\/contact\/#breadcrumb","itemListElement":[{"@type":"ListItem","position":1,"name":"Portada","item":"https:\/\/escociatours.com\/en\/"},{"@type":"ListItem","position":2,"name":"Contact"}]},{"@type":"WebSite","@id":"https:\/\/escociatours.com\/en\/#website","url":"https:\/\/escociatours.com\/en\/","name":"Escocia Tours","description":"Tours personalizados por Escocia en espa\u00f1ol e ingl\u00e9s. Viajes a la carta. Gu\u00eda oficial acreditado en Escocia. Visitas caminando Edimburgo.","publisher":{"@id":"https:\/\/escociatours.com\/en\/#organization"},"potentialAction":[{"@type":"SearchAction","target":{"@type":"EntryPoint","urlTemplate":"https:\/\/escociatours.com\/en\/?s={search_term_string}"},"query-input":{"@type":"PropertyValueSpecification","valueRequired":true,"valueName":"search_term_string"}}],"inLanguage":"en-US"},{"@type":"Organization","@id":"https:\/\/escociatours.com\/en\/#organization","name":"Escocia Tours","url":"https:\/\/escociatours.com\/en\/","logo":{"@type":"ImageObject","inLanguage":"en-US","@id":"https:\/\/escociatours.com\/en\/#\/schema\/logo\/image\/","url":"https:\/\/escociatours.com\/wp-content\/uploads\/2018\/01\/escocia-tours.png","contentUrl":"https:\/\/escociatours.com\/wp-content\/uploads\/2018\/01\/escocia-tours.png","width":254,"height":100,"caption":"Escocia Tours"},"image":{"@id":"https:\/\/escociatours.com\/en\/#\/schema\/logo\/image\/"},"sameAs":["https:\/\/www.facebook.com\/escociatours","https:\/\/x.com\/Escociatours","https:\/\/www.instagram.com\/escociatours\/","https:\/\/www.tiktok.com\/@escociatours","https:\/\/www.youtube.com\/channel\/UC1SRgxgJsEGuaKY1Ih2-Tfg","https:\/\/open.spotify.com\/show\/3K9ky5nTbQHeq5i6B3c9XA"]}]}},"_links":{"self":[{"href":"https:\/\/escociatours.com\/en\/wp-json\/wp\/v2\/pages\/7994","targetHints":{"allow":["GET"]}}],"collection":[{"href":"https:\/\/escociatours.com\/en\/wp-json\/wp\/v2\/pages"}],"about":[{"href":"https:\/\/escociatours.com\/en\/wp-json\/wp\/v2\/types\/page"}],"author":[{"embeddable":true,"href":"https:\/\/escociatours.com\/en\/wp-json\/wp\/v2\/users\/1"}],"replies":[{"embeddable":true,"href":"https:\/\/escociatours.com\/en\/wp-json\/wp\/v2\/comments?post=7994"}],"version-history":[{"count":0,"href":"https:\/\/escociatours.com\/en\/wp-json\/wp\/v2\/pages\/7994\/revisions"}],"wp:featuredmedia":[{"embeddable":true,"href":"https:\/\/escociatours.com\/en\/wp-json\/wp\/v2\/media\/11330"}],"wp:attachment":[{"href":"https:\/\/escociatours.com\/en\/wp-json\/wp\/v2\/media?parent=7994"}],"curies":[{"name":"wp","href":"https:\/\/api.w.org\/{rel}","templated":true}]}}