{"id":8000,"date":"2019-02-09T09:24:02","date_gmt":"2019-02-09T09:24:02","guid":{"rendered":"http:\/\/escociatours.com\/?page_id=8000"},"modified":"2019-02-09T09:24:02","modified_gmt":"2019-02-09T09:24:02","slug":"thank-you","status":"publish","type":"page","link":"https:\/\/escociatours.com\/en\/thank-you\/","title":{"rendered":"Thank you"},"content":{"rendered":"<div  class=\"one withsmallpadding ppb_text\" style=\"text-align:left;padding:30px 0 30px 0;\" >\n<div class=\"standard_wrapper\">\n<div class=\"page_content_wrapper\">\n<div class=\"inner\">\n<div style=\"margin:auto;width:100%\">\n<h3>Thank you very much for contacting us.<\/h3>\n<p>We will be in contact very soon<\/p>\n<h4>Are you following us in the networks?<\/h4>\n<div style=\"margin-top: 30px;\">\n<div class=\"social_wrapper shortcode dark \">\n<ul>\n<li class=\"facebook\"><a target=\"_blank\" title=\"Facebook\" href=\"https:\/\/www.facebook.com\/escociatours\"><i class=\"fa fa-facebook\"><\/i><\/a><\/li>\n<li class=\"twitter\"><a target=\"_blank\" title=\"Twitter\" href=\"https:\/\/twitter.com\/Escociatours\"><i class=\"fa fa-twitter\"><\/i><\/a><\/li>\n<li class=\"google\"><a target=\"_blank\" title=\"Google+\" href=\"https:\/\/plus.google.com\/113929452900020846803\"><i class=\"fa fa-google-plus\"><\/i><\/a><\/li>\n<li class=\"instagram\"><a target=\"_blank\" title=\"Instagram\" href=\"https:\/\/instagram.com\/escociatours\"><i class=\"fa fa-instagram\"><\/i><\/a><\/li>\n<li class=\"tripadvisor\"><a target=\"_blank\" title=\"Tripadvisor\" href=\"https:\/\/www.tripadvisor.es\/Attraction_Review-g186525-d6413146-Reviews-Escocia_Tours-Edinburgh_Scotland.html\"><i class=\"fa fa-tripadvisor\"><\/i><\/a><\/li>\n<\/ul>\n<\/div>\n<\/div>\n<\/div>\n<\/div>\n<\/div>\n<\/div>\n<\/div>\n","protected":false},"excerpt":{"rendered":"<p>Thank you very much for contacting us. We will be in contact very soon Are you following us in the networks?<\/p>\n","protected":false},"author":1,"featured_media":4172,"parent":0,"menu_order":0,"comment_status":"closed","ping_status":"closed","template":"","meta":{"_acf_changed":false,"sync_status":"","episode_type":"","audio_file":"","castos_file_data":"","podmotor_file_id":"","cover_image":"","cover_image_id":"","duration":"","filesize":"","filesize_raw":"","date_recorded":"","explicit":"","block":"","itunes_episode_number":"","itunes_title":"","itunes_season_number":"","itunes_episode_type":"","footnotes":""},"class_list":["post-8000","page","type-page","status-publish","has-post-thumbnail","hentry"],"acf":[],"yoast_head":"<!-- This site is optimized with the Yoast SEO plugin v27.5 - https:\/\/yoast.com\/product\/yoast-seo-wordpress\/ -->\n<title>Thank you - Escocia Tours<\/title>\n<meta name=\"robots\" content=\"noindex, follow\" \/>\n<meta property=\"og:locale\" content=\"en_US\" \/>\n<meta property=\"og:type\" content=\"article\" \/>\n<meta property=\"og:title\" content=\"Thank you - Escocia Tours\" \/>\n<meta property=\"og:description\" content=\"Thank you very much for contacting us. We will be in contact very soon Are you following us in the networks?\" \/>\n<meta property=\"og:url\" content=\"https:\/\/escociatours.com\/en\/thank-you\/\" \/>\n<meta property=\"og:site_name\" content=\"Escocia Tours\" \/>\n<meta property=\"article:publisher\" content=\"https:\/\/www.facebook.com\/escociatours\" \/>\n<meta property=\"og:image\" content=\"https:\/\/escociatours.com\/wp-content\/uploads\/2018\/02\/tour-escocia-solicitado.jpg\" \/>\n\t<meta property=\"og:image:width\" content=\"1920\" \/>\n\t<meta property=\"og:image:height\" content=\"1080\" \/>\n\t<meta property=\"og:image:type\" content=\"image\/jpeg\" \/>\n<meta name=\"twitter:card\" content=\"summary_large_image\" \/>\n<meta name=\"twitter:site\" content=\"@Escociatours\" \/>\n<script type=\"application\/ld+json\" class=\"yoast-schema-graph\">{\"@context\":\"https:\\\/\\\/schema.org\",\"@graph\":[{\"@type\":\"WebPage\",\"@id\":\"https:\\\/\\\/escociatours.com\\\/en\\\/thank-you\\\/\",\"url\":\"https:\\\/\\\/escociatours.com\\\/en\\\/thank-you\\\/\",\"name\":\"Thank you - Escocia Tours\",\"isPartOf\":{\"@id\":\"https:\\\/\\\/escociatours.com\\\/en\\\/#website\"},\"primaryImageOfPage\":{\"@id\":\"https:\\\/\\\/escociatours.com\\\/en\\\/thank-you\\\/#primaryimage\"},\"image\":{\"@id\":\"https:\\\/\\\/escociatours.com\\\/en\\\/thank-you\\\/#primaryimage\"},\"thumbnailUrl\":\"https:\\\/\\\/escociatours.com\\\/wp-content\\\/uploads\\\/2018\\\/02\\\/tour-escocia-solicitado.jpg\",\"datePublished\":\"2019-02-09T09:24:02+00:00\",\"breadcrumb\":{\"@id\":\"https:\\\/\\\/escociatours.com\\\/en\\\/thank-you\\\/#breadcrumb\"},\"inLanguage\":\"en-US\",\"potentialAction\":[{\"@type\":\"ReadAction\",\"target\":[\"https:\\\/\\\/escociatours.com\\\/en\\\/thank-you\\\/\"]}]},{\"@type\":\"ImageObject\",\"inLanguage\":\"en-US\",\"@id\":\"https:\\\/\\\/escociatours.com\\\/en\\\/thank-you\\\/#primaryimage\",\"url\":\"https:\\\/\\\/escociatours.com\\\/wp-content\\\/uploads\\\/2018\\\/02\\\/tour-escocia-solicitado.jpg\",\"contentUrl\":\"https:\\\/\\\/escociatours.com\\\/wp-content\\\/uploads\\\/2018\\\/02\\\/tour-escocia-solicitado.jpg\",\"width\":1920,\"height\":1080,\"caption\":\"tour escocia solicitado\"},{\"@type\":\"BreadcrumbList\",\"@id\":\"https:\\\/\\\/escociatours.com\\\/en\\\/thank-you\\\/#breadcrumb\",\"itemListElement\":[{\"@type\":\"ListItem\",\"position\":1,\"name\":\"Portada\",\"item\":\"https:\\\/\\\/escociatours.com\\\/en\\\/\"},{\"@type\":\"ListItem\",\"position\":2,\"name\":\"Thank you\"}]},{\"@type\":\"WebSite\",\"@id\":\"https:\\\/\\\/escociatours.com\\\/en\\\/#website\",\"url\":\"https:\\\/\\\/escociatours.com\\\/en\\\/\",\"name\":\"Escocia Tours\",\"description\":\"Tours personalizados por Escocia en espa\u00f1ol e ingl\u00e9s. Viajes a la carta. Gu\u00eda oficial acreditado en Escocia. Visitas caminando Edimburgo.\",\"publisher\":{\"@id\":\"https:\\\/\\\/escociatours.com\\\/en\\\/#organization\"},\"potentialAction\":[{\"@type\":\"SearchAction\",\"target\":{\"@type\":\"EntryPoint\",\"urlTemplate\":\"https:\\\/\\\/escociatours.com\\\/en\\\/?s={search_term_string}\"},\"query-input\":{\"@type\":\"PropertyValueSpecification\",\"valueRequired\":true,\"valueName\":\"search_term_string\"}}],\"inLanguage\":\"en-US\"},{\"@type\":\"Organization\",\"@id\":\"https:\\\/\\\/escociatours.com\\\/en\\\/#organization\",\"name\":\"Escocia Tours\",\"url\":\"https:\\\/\\\/escociatours.com\\\/en\\\/\",\"logo\":{\"@type\":\"ImageObject\",\"inLanguage\":\"en-US\",\"@id\":\"https:\\\/\\\/escociatours.com\\\/en\\\/#\\\/schema\\\/logo\\\/image\\\/\",\"url\":\"https:\\\/\\\/escociatours.com\\\/wp-content\\\/uploads\\\/2018\\\/01\\\/escocia-tours.png\",\"contentUrl\":\"https:\\\/\\\/escociatours.com\\\/wp-content\\\/uploads\\\/2018\\\/01\\\/escocia-tours.png\",\"width\":254,\"height\":100,\"caption\":\"Escocia Tours\"},\"image\":{\"@id\":\"https:\\\/\\\/escociatours.com\\\/en\\\/#\\\/schema\\\/logo\\\/image\\\/\"},\"sameAs\":[\"https:\\\/\\\/www.facebook.com\\\/escociatours\",\"https:\\\/\\\/x.com\\\/Escociatours\",\"https:\\\/\\\/www.instagram.com\\\/escociatours\\\/\",\"https:\\\/\\\/www.tiktok.com\\\/@escociatours\",\"https:\\\/\\\/www.youtube.com\\\/channel\\\/UC1SRgxgJsEGuaKY1Ih2-Tfg\",\"https:\\\/\\\/open.spotify.com\\\/show\\\/3K9ky5nTbQHeq5i6B3c9XA\"]}]}<\/script>\n<!-- \/ Yoast SEO plugin. -->","yoast_head_json":{"title":"Thank you - Escocia Tours","robots":{"index":"noindex","follow":"follow"},"og_locale":"en_US","og_type":"article","og_title":"Thank you - Escocia Tours","og_description":"Thank you very much for contacting us. We will be in contact very soon Are you following us in the networks?","og_url":"https:\/\/escociatours.com\/en\/thank-you\/","og_site_name":"Escocia Tours","article_publisher":"https:\/\/www.facebook.com\/escociatours","og_image":[{"width":1920,"height":1080,"url":"https:\/\/escociatours.com\/wp-content\/uploads\/2018\/02\/tour-escocia-solicitado.jpg","type":"image\/jpeg"}],"twitter_card":"summary_large_image","twitter_site":"@Escociatours","schema":{"@context":"https:\/\/schema.org","@graph":[{"@type":"WebPage","@id":"https:\/\/escociatours.com\/en\/thank-you\/","url":"https:\/\/escociatours.com\/en\/thank-you\/","name":"Thank you - Escocia Tours","isPartOf":{"@id":"https:\/\/escociatours.com\/en\/#website"},"primaryImageOfPage":{"@id":"https:\/\/escociatours.com\/en\/thank-you\/#primaryimage"},"image":{"@id":"https:\/\/escociatours.com\/en\/thank-you\/#primaryimage"},"thumbnailUrl":"https:\/\/escociatours.com\/wp-content\/uploads\/2018\/02\/tour-escocia-solicitado.jpg","datePublished":"2019-02-09T09:24:02+00:00","breadcrumb":{"@id":"https:\/\/escociatours.com\/en\/thank-you\/#breadcrumb"},"inLanguage":"en-US","potentialAction":[{"@type":"ReadAction","target":["https:\/\/escociatours.com\/en\/thank-you\/"]}]},{"@type":"ImageObject","inLanguage":"en-US","@id":"https:\/\/escociatours.com\/en\/thank-you\/#primaryimage","url":"https:\/\/escociatours.com\/wp-content\/uploads\/2018\/02\/tour-escocia-solicitado.jpg","contentUrl":"https:\/\/escociatours.com\/wp-content\/uploads\/2018\/02\/tour-escocia-solicitado.jpg","width":1920,"height":1080,"caption":"tour escocia solicitado"},{"@type":"BreadcrumbList","@id":"https:\/\/escociatours.com\/en\/thank-you\/#breadcrumb","itemListElement":[{"@type":"ListItem","position":1,"name":"Portada","item":"https:\/\/escociatours.com\/en\/"},{"@type":"ListItem","position":2,"name":"Thank you"}]},{"@type":"WebSite","@id":"https:\/\/escociatours.com\/en\/#website","url":"https:\/\/escociatours.com\/en\/","name":"Escocia Tours","description":"Tours personalizados por Escocia en espa\u00f1ol e ingl\u00e9s. Viajes a la carta. Gu\u00eda oficial acreditado en Escocia. Visitas caminando Edimburgo.","publisher":{"@id":"https:\/\/escociatours.com\/en\/#organization"},"potentialAction":[{"@type":"SearchAction","target":{"@type":"EntryPoint","urlTemplate":"https:\/\/escociatours.com\/en\/?s={search_term_string}"},"query-input":{"@type":"PropertyValueSpecification","valueRequired":true,"valueName":"search_term_string"}}],"inLanguage":"en-US"},{"@type":"Organization","@id":"https:\/\/escociatours.com\/en\/#organization","name":"Escocia Tours","url":"https:\/\/escociatours.com\/en\/","logo":{"@type":"ImageObject","inLanguage":"en-US","@id":"https:\/\/escociatours.com\/en\/#\/schema\/logo\/image\/","url":"https:\/\/escociatours.com\/wp-content\/uploads\/2018\/01\/escocia-tours.png","contentUrl":"https:\/\/escociatours.com\/wp-content\/uploads\/2018\/01\/escocia-tours.png","width":254,"height":100,"caption":"Escocia Tours"},"image":{"@id":"https:\/\/escociatours.com\/en\/#\/schema\/logo\/image\/"},"sameAs":["https:\/\/www.facebook.com\/escociatours","https:\/\/x.com\/Escociatours","https:\/\/www.instagram.com\/escociatours\/","https:\/\/www.tiktok.com\/@escociatours","https:\/\/www.youtube.com\/channel\/UC1SRgxgJsEGuaKY1Ih2-Tfg","https:\/\/open.spotify.com\/show\/3K9ky5nTbQHeq5i6B3c9XA"]}]}},"_links":{"self":[{"href":"https:\/\/escociatours.com\/en\/wp-json\/wp\/v2\/pages\/8000","targetHints":{"allow":["GET"]}}],"collection":[{"href":"https:\/\/escociatours.com\/en\/wp-json\/wp\/v2\/pages"}],"about":[{"href":"https:\/\/escociatours.com\/en\/wp-json\/wp\/v2\/types\/page"}],"author":[{"embeddable":true,"href":"https:\/\/escociatours.com\/en\/wp-json\/wp\/v2\/users\/1"}],"replies":[{"embeddable":true,"href":"https:\/\/escociatours.com\/en\/wp-json\/wp\/v2\/comments?post=8000"}],"version-history":[{"count":0,"href":"https:\/\/escociatours.com\/en\/wp-json\/wp\/v2\/pages\/8000\/revisions"}],"wp:featuredmedia":[{"embeddable":true,"href":"https:\/\/escociatours.com\/en\/wp-json\/wp\/v2\/media\/4172"}],"wp:attachment":[{"href":"https:\/\/escociatours.com\/en\/wp-json\/wp\/v2\/media?parent=8000"}],"curies":[{"name":"wp","href":"https:\/\/api.w.org\/{rel}","templated":true}]}}